{"id":21,"date":"2022-03-31T09:53:44","date_gmt":"2022-03-31T07:53:44","guid":{"rendered":"https:\/\/www.aimetech.fr\/?page_id=21"},"modified":"2022-04-07T18:32:07","modified_gmt":"2022-04-07T16:32:07","slug":"accueil","status":"publish","type":"page","link":"https:\/\/www.aimetech.fr\/","title":{"rendered":"Accueil &#8211; AimeTech"},"content":{"rendered":"\n<h3 class=\"has-text-align-center has-text-align-wide has-text-color wp-block-heading\" style=\"color:#dc4e4e;font-size:40px;line-height:1.1\">Solutions <strong>IoT et M2M<\/strong><\/h3>\n\n\n\n<div style=\"height:100px\" aria-hidden=\"true\" class=\"wp-block-spacer\"><\/div>\n\n\n\n<div class=\"wp-block-image\"><figure class=\"aligncenter size-large\"><img loading=\"lazy\" decoding=\"async\" width=\"1024\" height=\"586\" src=\"http:\/\/www.aimetech.fr\/wp-content\/uploads\/2022\/03\/SimulationIoT-1024x586.jpg\" alt=\"\" class=\"wp-image-58\" srcset=\"https:\/\/www.aimetech.fr\/wp-content\/uploads\/2022\/03\/SimulationIoT-1024x586.jpg 1024w, https:\/\/www.aimetech.fr\/wp-content\/uploads\/2022\/03\/SimulationIoT-300x172.jpg 300w, https:\/\/www.aimetech.fr\/wp-content\/uploads\/2022\/03\/SimulationIoT-768x440.jpg 768w, https:\/\/www.aimetech.fr\/wp-content\/uploads\/2022\/03\/SimulationIoT.jpg 1195w\" sizes=\"auto, (max-width: 1024px) 100vw, 1024px\" \/><\/figure><\/div>\n\n\n\n<h2 class=\"has-text-align-center wp-block-heading\">Solutions techniques<br><strong><mark style=\"background-color:rgba(0, 0, 0, 0)\" class=\"has-inline-color has-vivid-red-color\">standars et \u00e9volutives<\/mark><\/strong><\/h2>\n\n\n\n<div style=\"height:50px\" aria-hidden=\"true\" class=\"wp-block-spacer\"><\/div>\n\n\n\n<div class=\"wp-block-media-text alignwide is-stacked-on-mobile\"><figure class=\"wp-block-media-text__media\"><img loading=\"lazy\" decoding=\"async\" width=\"741\" height=\"320\" src=\"https:\/\/www.aimetech.fr\/wp-content\/uploads\/2022\/03\/Donnees.png\" alt=\"\" class=\"wp-image-59 size-full\" srcset=\"https:\/\/www.aimetech.fr\/wp-content\/uploads\/2022\/03\/Donnees.png 741w, https:\/\/www.aimetech.fr\/wp-content\/uploads\/2022\/03\/Donnees-300x130.png 300w\" sizes=\"auto, (max-width: 741px) 100vw, 741px\" \/><\/figure><div class=\"wp-block-media-text__content\">\n<p class=\"has-text-align-left\"><strong><mark style=\"background-color:rgba(0, 0, 0, 0)\" class=\"has-inline-color has-vivid-red-color\">Accompagnement dans vos projets IoT\/M2M<\/mark><\/strong><br><mark style=\"background-color:rgba(0, 0, 0, 0);color:#797878\" class=\"has-inline-color\"><br><\/mark><strong><mark style=\"background-color:rgba(0, 0, 0, 0);color:#4f4f4f\" class=\"has-inline-color\">En tant qu\u2019architecte de solutions IoT\/M2M, nous vous accompagnons dans le choix de produits hardware et software innovants.<\/mark><\/strong><br><br>Aimetech \/ GMI Databox vous propose une solution globale, du capteur au monitoring, pour vos applications d\u2019objets connect\u00e9s. Nos solutions peuvent aussi s\u2019adapter \u00e0 vos architectures actuelles pour apporter la solution manquante.<br>Dans tous les cas, AimeTech vous apportera le conseil et l\u2019expertise n\u00e9cessaires, la fourniture des produits choisis, ainsi que l\u2019assistance et la formation si besoin.<\/p>\n\n\n\n<p>GMI Databox d\u00e9veloppe votre solution de surveillance sur mesure en s\u00e9lectionnant les capteurs adapt\u00e9s passifs, radio ou filaire. Le r\u00e9seau de communication IoT le plus adapt\u00e9 et enfin la plateforme&nbsp; d&#8217;administration.&nbsp;<\/p>\n\n\n\n<h2 class=\"wp-block-heading\">Exemple d&#8217;applications<\/h2>\n\n\n\n<p><strong>Quelques-unes des applications r\u00e9alis\u00e9es par GMI Databox depuis 15 ans de d\u00e9ploiement de solutions de surveillance :<\/strong><\/p>\n\n\n\n<ul class=\"wp-block-list\"><li>Surveillance d&#8217;une usine automatique d&#8217;encapsulation avec adaptation au syst\u00e8me de pager pour la maintenance Local<\/li><li>Diverses prestations d&#8217;audits avec mise en place de capteur pour mesure \u00e9nerg\u00e9tique, mesures de luminosit\u00e9\u2026<\/li><li>Surveillance de shelter avec pilotage de m\u00e9canismes \u00e0 distance<\/li><li>Suivi des temp\u00e9ratures en datacenters par objets connect\u00e9s LoraWan<\/li><li>Suivi du fonctionnement de chambre froide (temp\u00e9rature, ouverture de porte)<\/li><li>D\u00e9tection d&#8217;ouverture de portail et report d\u2019\u00e9tat vers un gestionnaire Modbus RTU<\/li><\/ul>\n<\/div><\/div>\n\n\n\n<div class=\"wp-block-columns is-layout-flex wp-container-core-columns-is-layout-9d6595d7 wp-block-columns-is-layout-flex\">\n<div class=\"wp-block-column is-layout-flow wp-block-column-is-layout-flow\">\n<h3 class=\"has-text-align-center wp-block-heading\"><strong><mark style=\"background-color:rgba(0, 0, 0, 0)\" class=\"has-inline-color has-vivid-red-color\">Capteurs sans fil<\/mark><\/strong><\/h3>\n\n\n\n<p>Nous vous proposons des capteurs passifs filaires et actifs connect\u00e9s couvrant tous les cas d&#8217;usages. Cela va du simple contact magn\u00e9tique de porte jusqu&#8217;\u00e0 un objet connect\u00e9 Lorawan sur mesure.<\/p>\n\n\n\n<p><strong>Les diff\u00e9rents types de capteur :<\/strong><\/p>\n\n\n\n<ul class=\"wp-block-list\"><li>Passif sur c\u00e2ble (ex : contact sec)&nbsp;<\/li><li>LoRawan sur batteries ou sur secteurs selon les cas pour acc\u00e8s direct vers le r\u00e9seau priv\u00e9 ou op\u00e9r\u00e9 (op\u00e9rateur Objenious ou Orange)<\/li><li>Radio Enocean<\/li><li>Radio Zigbee<\/li><\/ul>\n\n\n\n<p><br>Notre large panel de fabricants de capteurs nous permet de couvrir vos diff\u00e9rentes applications. C\u2019est \u00e9galement le moyen de vous offrir le produit le plus adapt\u00e9 techniquement et \u00e9conomiquement.<br>En fonction de votre projet, nous serons en mesure de vous proposer des solutions op\u00e9r\u00e9es ou priv\u00e9es, via un concentrateur.<\/p>\n<\/div>\n\n\n\n<div class=\"wp-block-column is-layout-flow wp-block-column-is-layout-flow\">\n<h3 class=\"has-text-align-center wp-block-heading\"><strong><mark style=\"background-color:rgba(0, 0, 0, 0)\" class=\"has-inline-color has-vivid-red-color\">Passerelles r\u00e9seau<\/mark><\/strong><\/h3>\n\n\n\n<p>Sur un mini PC ou Raspberry Pi, GMI Databox d\u00e9veloppe l&#8217;application sur mesure et int\u00e8gre les diff\u00e9rents \u00e9l\u00e9ments hardware de communication vers les capteurs. Toutes les d\u00e9cisions (actionneurs, envoi d&#8217;alarmes &#8230;) peuvent \u00eatre prises localement, les informations r\u00e9currentes (type compteurs \u00e9nerg\u00e9tique) peuvent aussi \u00eatre historis\u00e9es en local.<\/p>\n\n\n\n<p>La passerelle remonte p\u00e9riodiquement les informations importantes vers l&#8217;administrateur m\u00e9tier pour donner la visu des capteurs aux utilisateurs. La communication des messages est optimis\u00e9e pour limiter le trafic et rester en conformit\u00e9 avec l&#8217;abonnement M2M ou Lora op\u00e9r\u00e9. Les passerelles, modems routeurs et datalogger peuvent offrir diff\u00e9rentes solutions de connectivit\u00e9 (WAN, Wi-Fi, 3G ou 4G).<\/p>\n<\/div>\n\n\n\n<div class=\"wp-block-column is-layout-flow wp-block-column-is-layout-flow\">\n<h3 class=\"has-text-align-center wp-block-heading\"><strong><mark style=\"background-color:rgba(0, 0, 0, 0)\" class=\"has-inline-color has-vivid-red-color\">Applications m\u00e9tier<\/mark><\/strong><\/h3>\n\n\n\n<p>L&#8217;administrateur graphique cloud permet une visu ergonomique de tous les capteurs et actionneurs par site. Accessible par PC ou mobile, le tableau de bord de l&#8217;application permet aux utilisateurs d&#8217;administrer leur r\u00e9seau et tous leurs sites distants facilement, graphiquement avec une interface homme machine parfaitement adapt\u00e9e et customis\u00e9e pour leur besoin. Toutes les informations sont historis\u00e9es. Les compteurs (\u00e9nergie, temp\u00e9ratures &#8230;) sont mis sous graphique. Les actions sont applicables par boutons et les alarmes sont repr\u00e9sent\u00e9s avec leur \u00e9tat.\u00a0 Des log automatiques peuvent \u00eatre remont\u00e9 par mail ou autres.\u00a0<\/p>\n\n\n\n<p>La solution peut aussi communiquer \u00e0 un administrateur tiers ou une GTB \/ DCIM existante par MQTT, SNMP, Modbus &#8230;.<\/p>\n\n\n\n<p><\/p>\n<\/div>\n<\/div>\n\n\n\n<div style=\"height:100px\" aria-hidden=\"true\" class=\"wp-block-spacer\"><\/div>\n","protected":false},"excerpt":{"rendered":"<p>Solutions IoT et M2M Solutions techniquesstandars et \u00e9volutives Accompagnement dans vos projets IoT\/M2MEn tant qu\u2019architecte de solutions IoT\/M2M, nous vous accompagnons dans le choix de produits hardware et software innovants. Aimetech \/ GMI Databox vous propose une solution globale, du capteur au monitoring, pour vos applications d\u2019objets connect\u00e9s. Nos solutions peuvent aussi s\u2019adapter \u00e0 vos [&hellip;]<\/p>\n","protected":false},"author":1,"featured_media":0,"parent":0,"menu_order":0,"comment_status":"closed","ping_status":"closed","template":"","meta":{"footnotes":""},"class_list":["post-21","page","type-page","status-publish","czr-hentry"],"_links":{"self":[{"href":"https:\/\/www.aimetech.fr\/index.php\/wp-json\/wp\/v2\/pages\/21","targetHints":{"allow":["GET"]}}],"collection":[{"href":"https:\/\/www.aimetech.fr\/index.php\/wp-json\/wp\/v2\/pages"}],"about":[{"href":"https:\/\/www.aimetech.fr\/index.php\/wp-json\/wp\/v2\/types\/page"}],"author":[{"embeddable":true,"href":"https:\/\/www.aimetech.fr\/index.php\/wp-json\/wp\/v2\/users\/1"}],"replies":[{"embeddable":true,"href":"https:\/\/www.aimetech.fr\/index.php\/wp-json\/wp\/v2\/comments?post=21"}],"version-history":[{"count":8,"href":"https:\/\/www.aimetech.fr\/index.php\/wp-json\/wp\/v2\/pages\/21\/revisions"}],"predecessor-version":[{"id":286,"href":"https:\/\/www.aimetech.fr\/index.php\/wp-json\/wp\/v2\/pages\/21\/revisions\/286"}],"wp:attachment":[{"href":"https:\/\/www.aimetech.fr\/index.php\/wp-json\/wp\/v2\/media?parent=21"}],"curies":[{"name":"wp","href":"https:\/\/api.w.org\/{rel}","templated":true}]}}