{"id":27,"date":"2022-03-31T09:53:45","date_gmt":"2022-03-31T07:53:45","guid":{"rendered":"https:\/\/www.aimetech.fr\/?page_id=27"},"modified":"2022-04-01T15:43:29","modified_gmt":"2022-04-01T13:43:29","slug":"nos-solutions","status":"publish","type":"page","link":"https:\/\/www.aimetech.fr\/index.php\/nos-solutions\/","title":{"rendered":"Nos solutions"},"content":{"rendered":"\n<div class=\"wp-block-columns is-layout-flex wp-container-core-columns-is-layout-9d6595d7 wp-block-columns-is-layout-flex\">\n<div class=\"wp-block-column is-layout-flow wp-block-column-is-layout-flow\">\n<figure class=\"wp-block-image size-large\"><img loading=\"lazy\" decoding=\"async\" width=\"1024\" height=\"576\" src=\"http:\/\/www.aimetech.fr\/wp-content\/uploads\/2022\/04\/104352_2-1024x576.jpg\" alt=\"\" class=\"wp-image-185\" srcset=\"https:\/\/www.aimetech.fr\/wp-content\/uploads\/2022\/04\/104352_2-1024x576.jpg 1024w, https:\/\/www.aimetech.fr\/wp-content\/uploads\/2022\/04\/104352_2-300x169.jpg 300w, https:\/\/www.aimetech.fr\/wp-content\/uploads\/2022\/04\/104352_2-768x432.jpg 768w, https:\/\/www.aimetech.fr\/wp-content\/uploads\/2022\/04\/104352_2-1110x624.jpg 1110w, https:\/\/www.aimetech.fr\/wp-content\/uploads\/2022\/04\/104352_2-528x297.jpg 528w, https:\/\/www.aimetech.fr\/wp-content\/uploads\/2022\/04\/104352_2.jpg 1152w\" sizes=\"auto, (max-width: 1024px) 100vw, 1024px\" \/><\/figure>\n<\/div>\n\n\n\n<div class=\"wp-block-column is-layout-flow wp-block-column-is-layout-flow\">\n<h3 class=\"has-text-align-center wp-block-heading\"><a href=\"https:\/\/www.aimetech.fr\/index.php\/armoires-connectees\/\" data-type=\"page\" data-id=\"186\">La solution de GMI DATABOX pour \u00e9quiper ses 6000 armoires connect\u00e9es<\/a><\/h3>\n\n\n\n<p>Le d\u00e9ploiement du r\u00e9seau LoRaWAN\u00ae d\u2019Objenious au niveau national d\u00e9but 2017 a permis \u00e0 Bouygues Construction Mat\u00e9riel de mettre en place des solutions pour connecter son mat\u00e9riel d\u00e9di\u00e9 aux chantiers avec notamment aujourd\u2019hui la surveillance de ses\u00a0<strong>6000 armoires \u00e9lectriques<\/strong>.<strong>\u00a0<\/strong><\/p>\n<\/div>\n<\/div>\n\n\n\n<p><\/p>\n","protected":false},"excerpt":{"rendered":"<p>La solution de GMI DATABOX pour \u00e9quiper ses 6000 armoires connect\u00e9es Le d\u00e9ploiement du r\u00e9seau LoRaWAN\u00ae d\u2019Objenious au niveau national d\u00e9but 2017 a permis \u00e0 Bouygues Construction Mat\u00e9riel de mettre en place des solutions pour connecter son mat\u00e9riel d\u00e9di\u00e9 aux chantiers avec notamment aujourd\u2019hui la surveillance de ses\u00a06000 armoires \u00e9lectriques.\u00a0<\/p>\n","protected":false},"author":1,"featured_media":0,"parent":0,"menu_order":0,"comment_status":"closed","ping_status":"closed","template":"","meta":{"footnotes":""},"class_list":["post-27","page","type-page","status-publish","czr-hentry"],"_links":{"self":[{"href":"https:\/\/www.aimetech.fr\/index.php\/wp-json\/wp\/v2\/pages\/27","targetHints":{"allow":["GET"]}}],"collection":[{"href":"https:\/\/www.aimetech.fr\/index.php\/wp-json\/wp\/v2\/pages"}],"about":[{"href":"https:\/\/www.aimetech.fr\/index.php\/wp-json\/wp\/v2\/types\/page"}],"author":[{"embeddable":true,"href":"https:\/\/www.aimetech.fr\/index.php\/wp-json\/wp\/v2\/users\/1"}],"replies":[{"embeddable":true,"href":"https:\/\/www.aimetech.fr\/index.php\/wp-json\/wp\/v2\/comments?post=27"}],"version-history":[{"count":4,"href":"https:\/\/www.aimetech.fr\/index.php\/wp-json\/wp\/v2\/pages\/27\/revisions"}],"predecessor-version":[{"id":215,"href":"https:\/\/www.aimetech.fr\/index.php\/wp-json\/wp\/v2\/pages\/27\/revisions\/215"}],"wp:attachment":[{"href":"https:\/\/www.aimetech.fr\/index.php\/wp-json\/wp\/v2\/media?parent=27"}],"curies":[{"name":"wp","href":"https:\/\/api.w.org\/{rel}","templated":true}]}}