{"id":28,"date":"2022-03-31T09:53:45","date_gmt":"2022-03-31T07:53:45","guid":{"rendered":"https:\/\/www.aimetech.fr\/?page_id=28"},"modified":"2022-03-31T15:07:48","modified_gmt":"2022-03-31T13:07:48","slug":"partenaire","status":"publish","type":"page","link":"https:\/\/www.aimetech.fr\/index.php\/partenaire\/","title":{"rendered":"Partenaire"},"content":{"rendered":"\n<div class=\"wp-block-media-text alignwide is-stacked-on-mobile\" style=\"grid-template-columns:23% auto\"><figure class=\"wp-block-media-text__media\"><img loading=\"lazy\" decoding=\"async\" width=\"400\" height=\"140\" src=\"http:\/\/www.aimetech.fr\/wp-content\/uploads\/2022\/03\/INNEASOFT-LOGO-1.png\" alt=\"\" class=\"wp-image-93 size-full\" srcset=\"https:\/\/www.aimetech.fr\/wp-content\/uploads\/2022\/03\/INNEASOFT-LOGO-1.png 400w, https:\/\/www.aimetech.fr\/wp-content\/uploads\/2022\/03\/INNEASOFT-LOGO-1-300x105.png 300w\" sizes=\"auto, (max-width: 400px) 100vw, 400px\" \/><\/figure><div class=\"wp-block-media-text__content\">\n<p class=\"has-large-font-size\"><strong>Inneasoft<\/strong><\/p>\n\n\n\n<p><strong>INNEASOFT<\/strong>&nbsp;est un \u00e9diteur de logiciels qui permettent aux collectivit\u00e9s <br>et entreprises dans les secteurs industriel et tertiaire, d\u2019am\u00e9liorer les performances<br>\u00e9nerg\u00e9tiques de leurs b\u00e2timents et centres informatiques.<\/p>\n<\/div><\/div>\n\n\n\n<div style=\"height:60px\" aria-hidden=\"true\" class=\"wp-block-spacer\"><\/div>\n\n\n\n<div class=\"wp-block-media-text alignwide is-stacked-on-mobile\" style=\"grid-template-columns:23% auto\"><figure class=\"wp-block-media-text__media\"><img loading=\"lazy\" decoding=\"async\" width=\"512\" height=\"512\" src=\"https:\/\/www.aimetech.fr\/wp-content\/uploads\/2022\/03\/cropped-atim_logo_browser-1.png\" alt=\"\" class=\"wp-image-107 size-full\" srcset=\"https:\/\/www.aimetech.fr\/wp-content\/uploads\/2022\/03\/cropped-atim_logo_browser-1.png 512w, https:\/\/www.aimetech.fr\/wp-content\/uploads\/2022\/03\/cropped-atim_logo_browser-1-300x300.png 300w, https:\/\/www.aimetech.fr\/wp-content\/uploads\/2022\/03\/cropped-atim_logo_browser-1-150x150.png 150w, https:\/\/www.aimetech.fr\/wp-content\/uploads\/2022\/03\/cropped-atim_logo_browser-1-510x510.png 510w\" sizes=\"auto, (max-width: 512px) 100vw, 512px\" \/><\/figure><div class=\"wp-block-media-text__content\">\n<p class=\"has-large-font-size\"><strong>ATIM<\/strong><\/p>\n\n\n\n<p>Plus de 25 ans\u00a0d\u2019exp\u00e9rience\u00a0et de\u00a0savoir-faire industriel\u00a0dans\u00a0la conception<br>et\u00a0la fabrication\u00a0de\u00a0syst\u00e8mes radio\u00a0: les\u00a0solutions ATIM\u00a0transmettent efficacement<br>les donn\u00e9es et s\u2019inscrivent dans l\u2019optimisation continue.\u00a0<\/p>\n<\/div><\/div>\n\n\n\n<div style=\"height:100px\" aria-hidden=\"true\" class=\"wp-block-spacer\"><\/div>\n\n\n\n<div class=\"wp-block-media-text alignwide is-stacked-on-mobile\" style=\"grid-template-columns:23% auto\"><figure class=\"wp-block-media-text__media\"><img loading=\"lazy\" decoding=\"async\" width=\"900\" height=\"222\" src=\"https:\/\/www.aimetech.fr\/wp-content\/uploads\/2022\/03\/logo.jpg\" alt=\"\" class=\"wp-image-109 size-full\" srcset=\"https:\/\/www.aimetech.fr\/wp-content\/uploads\/2022\/03\/logo.jpg 900w, https:\/\/www.aimetech.fr\/wp-content\/uploads\/2022\/03\/logo-300x74.jpg 300w, https:\/\/www.aimetech.fr\/wp-content\/uploads\/2022\/03\/logo-768x189.jpg 768w\" sizes=\"auto, (max-width: 900px) 100vw, 900px\" \/><\/figure><div class=\"wp-block-media-text__content\">\n<p class=\"has-large-font-size\"><strong>AKCP<\/strong><\/p>\n\n\n\n<p>AKCP \u00e9tabli aux Etats-Unis en 1981, a 30+ ans d&#8217;exp\u00e9rience dans les solutions<br>de capteurs professionnels. AKCP a cr\u00e9\u00e9 le march\u00e9 de la temp\u00e9rature en r\u00e9seau, <br>de l&#8217;environnement et de la surveillance de l&#8217;alimentation dans les centres de donn\u00e9es.<\/p>\n<\/div><\/div>\n\n\n\n<div style=\"height:100px\" aria-hidden=\"true\" class=\"wp-block-spacer\"><\/div>\n\n\n\n<div class=\"wp-block-media-text alignwide is-stacked-on-mobile\" style=\"grid-template-columns:23% auto\"><figure class=\"wp-block-media-text__media\"><img loading=\"lazy\" decoding=\"async\" width=\"1024\" height=\"1024\" src=\"https:\/\/www.aimetech.fr\/wp-content\/uploads\/2022\/03\/Logo-Inepro-RGB-1024x1024.jpg\" alt=\"\" class=\"wp-image-110 size-full\" srcset=\"https:\/\/www.aimetech.fr\/wp-content\/uploads\/2022\/03\/Logo-Inepro-RGB-1024x1024.jpg 1024w, https:\/\/www.aimetech.fr\/wp-content\/uploads\/2022\/03\/Logo-Inepro-RGB-300x300.jpg 300w, https:\/\/www.aimetech.fr\/wp-content\/uploads\/2022\/03\/Logo-Inepro-RGB-150x150.jpg 150w, https:\/\/www.aimetech.fr\/wp-content\/uploads\/2022\/03\/Logo-Inepro-RGB-768x768.jpg 768w, https:\/\/www.aimetech.fr\/wp-content\/uploads\/2022\/03\/Logo-Inepro-RGB-510x510.jpg 510w, https:\/\/www.aimetech.fr\/wp-content\/uploads\/2022\/03\/Logo-Inepro-RGB.jpg 1181w\" sizes=\"auto, (max-width: 1024px) 100vw, 1024px\" \/><\/figure><div class=\"wp-block-media-text__content\">\n<p class=\"has-large-font-size\"><strong>Inepro<\/strong><\/p>\n\n\n\n<p>Nous aidons nos partenaires \u00e0 atteindre leurs objectifs. Que vous recherchiez un lecteur de cartes RFID optimal pour diverses formes de confirmation d&#8217;identification, que vous ayez besoin d&#8217;effectuer des paiements s\u00e9curis\u00e9s et efficaces ou d&#8217;imprimer et de g\u00e9rer vos documents, nous avons toujours une solution innovante appropri\u00e9e \u00e0 votre disposition.<\/p>\n<\/div><\/div>\n\n\n\n<p><\/p>\n","protected":false},"excerpt":{"rendered":"<p>Inneasoft INNEASOFT&nbsp;est un \u00e9diteur de logiciels qui permettent aux collectivit\u00e9s et entreprises dans les secteurs industriel et tertiaire, d\u2019am\u00e9liorer les performances\u00e9nerg\u00e9tiques de leurs b\u00e2timents et centres informatiques. ATIM Plus de 25 ans\u00a0d\u2019exp\u00e9rience\u00a0et de\u00a0savoir-faire industriel\u00a0dans\u00a0la conceptionet\u00a0la fabrication\u00a0de\u00a0syst\u00e8mes radio\u00a0: les\u00a0solutions ATIM\u00a0transmettent efficacementles donn\u00e9es et s\u2019inscrivent dans l\u2019optimisation continue.\u00a0 AKCP AKCP \u00e9tabli aux Etats-Unis en 1981, a 30+ [&hellip;]<\/p>\n","protected":false},"author":1,"featured_media":0,"parent":0,"menu_order":0,"comment_status":"closed","ping_status":"closed","template":"","meta":{"footnotes":""},"class_list":["post-28","page","type-page","status-publish","czr-hentry"],"_links":{"self":[{"href":"https:\/\/www.aimetech.fr\/index.php\/wp-json\/wp\/v2\/pages\/28","targetHints":{"allow":["GET"]}}],"collection":[{"href":"https:\/\/www.aimetech.fr\/index.php\/wp-json\/wp\/v2\/pages"}],"about":[{"href":"https:\/\/www.aimetech.fr\/index.php\/wp-json\/wp\/v2\/types\/page"}],"author":[{"embeddable":true,"href":"https:\/\/www.aimetech.fr\/index.php\/wp-json\/wp\/v2\/users\/1"}],"replies":[{"embeddable":true,"href":"https:\/\/www.aimetech.fr\/index.php\/wp-json\/wp\/v2\/comments?post=28"}],"version-history":[{"count":5,"href":"https:\/\/www.aimetech.fr\/index.php\/wp-json\/wp\/v2\/pages\/28\/revisions"}],"predecessor-version":[{"id":114,"href":"https:\/\/www.aimetech.fr\/index.php\/wp-json\/wp\/v2\/pages\/28\/revisions\/114"}],"wp:attachment":[{"href":"https:\/\/www.aimetech.fr\/index.php\/wp-json\/wp\/v2\/media?parent=28"}],"curies":[{"name":"wp","href":"https:\/\/api.w.org\/{rel}","templated":true}]}}