{"id":29,"date":"2022-03-31T09:53:45","date_gmt":"2022-03-31T07:53:45","guid":{"rendered":"https:\/\/www.aimetech.fr\/?page_id=29"},"modified":"2022-04-01T10:16:16","modified_gmt":"2022-04-01T08:16:16","slug":"gateaways","status":"publish","type":"page","link":"https:\/\/www.aimetech.fr\/index.php\/gateaways\/","title":{"rendered":"Gateways"},"content":{"rendered":"\n<div class=\"wp-block-media-text alignwide is-stacked-on-mobile\" style=\"grid-template-columns:28% auto\"><figure class=\"wp-block-media-text__media\"><img loading=\"lazy\" decoding=\"async\" width=\"700\" height=\"465\" src=\"https:\/\/www.aimetech.fr\/wp-content\/uploads\/2022\/03\/atim-agt-ns-gmidatabox.png\" alt=\"\" class=\"wp-image-78 size-full\" srcset=\"https:\/\/www.aimetech.fr\/wp-content\/uploads\/2022\/03\/atim-agt-ns-gmidatabox.png 700w, https:\/\/www.aimetech.fr\/wp-content\/uploads\/2022\/03\/atim-agt-ns-gmidatabox-300x199.png 300w\" sizes=\"auto, (max-width: 700px) 100vw, 700px\" \/><\/figure><div class=\"wp-block-media-text__content\">\n<p class=\"has-large-font-size\"><mark style=\"background-color:rgba(0, 0, 0, 0)\" class=\"has-inline-color has-vivid-red-color\">AGT\/NS &#8211; Gateway compacte LoRaWAN<\/mark><\/p>\n\n\n\n<p>Cette passerelle LoRaWan\u00ae offre d\u2019excellentes performances avec son processeur quadri-coeurs, ses interfaces WiFi et Bluetooth Low Energy et Ethernet. Elle se pr\u00e9sente en bo\u00eetier compact m\u00e9tallique. La gateway A-GATE est pr\u00eate \u00e0 l\u2019emploi tout en \u00e9tant personnalisable avec son logiciel open-source. Configur\u00e9e en Packet-Forwarder elle a \u00e9t\u00e9 test\u00e9e avec les networks serveurs les plus courants (TTN, Loriot, Actility). Une version avec GPS est \u00e9galement disponible.<\/p>\n<\/div><\/div>\n\n\n\n<div style=\"height:100px\" aria-hidden=\"true\" class=\"wp-block-spacer\"><\/div>\n\n\n\n<div class=\"wp-block-media-text alignwide is-stacked-on-mobile\" style=\"grid-template-columns:28% auto\"><figure class=\"wp-block-media-text__media\"><img loading=\"lazy\" decoding=\"async\" width=\"674\" height=\"303\" src=\"https:\/\/www.aimetech.fr\/wp-content\/uploads\/2022\/03\/atim-agt-indus-gmidatabox-1.png\" alt=\"\" class=\"wp-image-82 size-full\" srcset=\"https:\/\/www.aimetech.fr\/wp-content\/uploads\/2022\/03\/atim-agt-indus-gmidatabox-1.png 674w, https:\/\/www.aimetech.fr\/wp-content\/uploads\/2022\/03\/atim-agt-indus-gmidatabox-1-300x135.png 300w\" sizes=\"auto, (max-width: 674px) 100vw, 674px\" \/><\/figure><div class=\"wp-block-media-text__content\">\n<p class=\"has-large-font-size\"><mark style=\"background-color:rgba(0, 0, 0, 0)\" class=\"has-inline-color has-vivid-red-color\">AGT-INDUS &#8211; Gateway industrielle compacte LoRaWAN<\/mark><\/p>\n\n\n\n<p>L&#8217;AGT-INDUS d&#8217;ATIM est une passerelle LoRaWAN industrielle. Cette gateway est Plug &amp; Play (utilisable imm\u00e9diatement) mais elle est \u00e9galement 100% configurable gr\u00e2ce \u00e0 son logiciel open source. Simple d&#8217;utilisation, cette passerelle LoRa offre le plus grand choix de configurations et de modes de gestion et ce, quelle que soit votre application IoT.<\/p>\n<\/div><\/div>\n\n\n\n<div style=\"height:100px\" aria-hidden=\"true\" class=\"wp-block-spacer\"><\/div>\n\n\n\n<div class=\"wp-block-media-text alignwide is-stacked-on-mobile\" style=\"grid-template-columns:28% auto\"><figure class=\"wp-block-media-text__media\"><img loading=\"lazy\" decoding=\"async\" width=\"502\" height=\"700\" src=\"https:\/\/www.aimetech.fr\/wp-content\/uploads\/2022\/03\/atim-agt-outdoor-gmidatabox.png\" alt=\"\" class=\"wp-image-83 size-full\" srcset=\"https:\/\/www.aimetech.fr\/wp-content\/uploads\/2022\/03\/atim-agt-outdoor-gmidatabox.png 502w, https:\/\/www.aimetech.fr\/wp-content\/uploads\/2022\/03\/atim-agt-outdoor-gmidatabox-215x300.png 215w\" sizes=\"auto, (max-width: 502px) 100vw, 502px\" \/><\/figure><div class=\"wp-block-media-text__content\">\n<p class=\"has-large-font-size\"><mark style=\"background-color:rgba(0, 0, 0, 0)\" class=\"has-inline-color has-vivid-red-color\">AGT-OUTDOOR- Gateway compacte LoRaWAN IP66<\/mark><\/p>\n\n\n\n<p>L&#8217;AGT-OUTDOOR d&#8217;ATIM est une passerelle LoRaWAN industrielle IP66. Cette gateway est Plug &amp; Play (utilisable imm\u00e9diatement) mais elle est \u00e9galement 100% configurable gr\u00e2ce \u00e0 son logiciel open source. Simple d&#8217;utilisation, cette passerelle LoRa offre le plus grand choix de configurations et de modes de gestion et ce, quelle que soit votre application IoT.<\/p>\n<\/div><\/div>\n","protected":false},"excerpt":{"rendered":"<p>AGT\/NS &#8211; Gateway compacte LoRaWAN Cette passerelle LoRaWan\u00ae offre d\u2019excellentes performances avec son processeur quadri-coeurs, ses interfaces WiFi et Bluetooth Low Energy et Ethernet. Elle se pr\u00e9sente en bo\u00eetier compact m\u00e9tallique. La gateway A-GATE est pr\u00eate \u00e0 l\u2019emploi tout en \u00e9tant personnalisable avec son logiciel open-source. Configur\u00e9e en Packet-Forwarder elle a \u00e9t\u00e9 test\u00e9e avec les [&hellip;]<\/p>\n","protected":false},"author":1,"featured_media":0,"parent":0,"menu_order":0,"comment_status":"closed","ping_status":"closed","template":"","meta":{"footnotes":""},"class_list":["post-29","page","type-page","status-publish","czr-hentry"],"_links":{"self":[{"href":"https:\/\/www.aimetech.fr\/index.php\/wp-json\/wp\/v2\/pages\/29","targetHints":{"allow":["GET"]}}],"collection":[{"href":"https:\/\/www.aimetech.fr\/index.php\/wp-json\/wp\/v2\/pages"}],"about":[{"href":"https:\/\/www.aimetech.fr\/index.php\/wp-json\/wp\/v2\/types\/page"}],"author":[{"embeddable":true,"href":"https:\/\/www.aimetech.fr\/index.php\/wp-json\/wp\/v2\/users\/1"}],"replies":[{"embeddable":true,"href":"https:\/\/www.aimetech.fr\/index.php\/wp-json\/wp\/v2\/comments?post=29"}],"version-history":[{"count":6,"href":"https:\/\/www.aimetech.fr\/index.php\/wp-json\/wp\/v2\/pages\/29\/revisions"}],"predecessor-version":[{"id":157,"href":"https:\/\/www.aimetech.fr\/index.php\/wp-json\/wp\/v2\/pages\/29\/revisions\/157"}],"wp:attachment":[{"href":"https:\/\/www.aimetech.fr\/index.php\/wp-json\/wp\/v2\/media?parent=29"}],"curies":[{"name":"wp","href":"https:\/\/api.w.org\/{rel}","templated":true}]}}