{"id":30,"date":"2022-03-31T09:53:45","date_gmt":"2022-03-31T07:53:45","guid":{"rendered":"https:\/\/www.aimetech.fr\/?page_id=30"},"modified":"2022-04-07T11:51:16","modified_gmt":"2022-04-07T09:51:16","slug":"capteurs","status":"publish","type":"page","link":"https:\/\/www.aimetech.fr\/index.php\/capteurs\/","title":{"rendered":"Capteurs"},"content":{"rendered":"\n<div class=\"wp-block-media-text alignwide is-stacked-on-mobile\" style=\"grid-template-columns:28% auto\"><figure class=\"wp-block-media-text__media\"><img loading=\"lazy\" decoding=\"async\" width=\"440\" height=\"440\" src=\"https:\/\/www.aimetech.fr\/wp-content\/uploads\/2022\/03\/acw-dind44_lw_profil.png\" alt=\"\" class=\"wp-image-70 size-full\" srcset=\"https:\/\/www.aimetech.fr\/wp-content\/uploads\/2022\/03\/acw-dind44_lw_profil.png 440w, https:\/\/www.aimetech.fr\/wp-content\/uploads\/2022\/03\/acw-dind44_lw_profil-300x300.png 300w, https:\/\/www.aimetech.fr\/wp-content\/uploads\/2022\/03\/acw-dind44_lw_profil-150x150.png 150w\" sizes=\"auto, (max-width: 440px) 100vw, 440px\" \/><\/figure><div class=\"wp-block-media-text__content\">\n<p class=\"has-large-font-size\"><mark style=\"background-color:rgba(0, 0, 0, 0)\" class=\"has-inline-color has-vivid-red-color\">ACW\/DIND44<\/mark><\/p>\n\n\n\n<ul class=\"wp-block-list\"><li>4 Entr\u00e9es TOR ou comptages impulsionnels<\/li><li>4 sorties relais pour le pilotage de dispositifs \u00e9lectriques<\/li><\/ul>\n<\/div><\/div>\n\n\n\n<div style=\"height:100px\" aria-hidden=\"true\" class=\"wp-block-spacer\"><\/div>\n\n\n\n<div class=\"wp-block-media-text alignwide is-stacked-on-mobile\" style=\"grid-template-columns:28% auto\"><figure class=\"wp-block-media-text__media\"><img loading=\"lazy\" decoding=\"async\" width=\"440\" height=\"440\" src=\"https:\/\/www.aimetech.fr\/wp-content\/uploads\/2022\/03\/acw-dind44_lw_profil-1.png\" alt=\"\" class=\"wp-image-71 size-full\" srcset=\"https:\/\/www.aimetech.fr\/wp-content\/uploads\/2022\/03\/acw-dind44_lw_profil-1.png 440w, https:\/\/www.aimetech.fr\/wp-content\/uploads\/2022\/03\/acw-dind44_lw_profil-1-300x300.png 300w, https:\/\/www.aimetech.fr\/wp-content\/uploads\/2022\/03\/acw-dind44_lw_profil-1-150x150.png 150w\" sizes=\"auto, (max-width: 440px) 100vw, 440px\" \/><\/figure><div class=\"wp-block-media-text__content\">\n<p class=\"has-large-font-size\"><mark style=\"background-color:rgba(0, 0, 0, 0)\" class=\"has-inline-color has-vivid-red-color\">ACW\/DIND88<\/mark><\/p>\n\n\n\n<ul class=\"wp-block-list\"><li>8 entr\u00e9es TOR ou comptage impulsionnels<\/li><li>8 sorties relai pour le pilotage de dispositifs \u00e9lectriques<\/li><\/ul>\n<\/div><\/div>\n\n\n\n<div style=\"height:100px\" aria-hidden=\"true\" class=\"wp-block-spacer\"><\/div>\n\n\n\n<div class=\"wp-block-media-text alignwide is-stacked-on-mobile\" style=\"grid-template-columns:28% auto\"><figure class=\"wp-block-media-text__media\"><img loading=\"lazy\" decoding=\"async\" width=\"600\" height=\"600\" src=\"https:\/\/www.aimetech.fr\/wp-content\/uploads\/2022\/03\/acw_lw8_dinda_profil-1.png\" alt=\"\" class=\"wp-image-69 size-full\" srcset=\"https:\/\/www.aimetech.fr\/wp-content\/uploads\/2022\/03\/acw_lw8_dinda_profil-1.png 600w, https:\/\/www.aimetech.fr\/wp-content\/uploads\/2022\/03\/acw_lw8_dinda_profil-1-300x300.png 300w, https:\/\/www.aimetech.fr\/wp-content\/uploads\/2022\/03\/acw_lw8_dinda_profil-1-150x150.png 150w, https:\/\/www.aimetech.fr\/wp-content\/uploads\/2022\/03\/acw_lw8_dinda_profil-1-510x510.png 510w\" sizes=\"auto, (max-width: 600px) 100vw, 600px\" \/><\/figure><div class=\"wp-block-media-text__content\">\n<p class=\"has-large-font-size\"><mark style=\"background-color:rgba(0, 0, 0, 0)\" class=\"has-inline-color has-vivid-red-color\">ACW\/DIND21<\/mark><\/p>\n\n\n\n<ul class=\"wp-block-list\"><li>2 entr\u00e9es TOR ou comptage impulsionnels<\/li><li>1 sorties relai pour le pilotage de dispositifs \u00e9lectriques<\/li><li>Option temp\u00e9rature<\/li><\/ul>\n<\/div><\/div>\n\n\n\n<div style=\"height:100px\" aria-hidden=\"true\" class=\"wp-block-spacer\"><\/div>\n\n\n\n<div class=\"wp-block-media-text alignwide is-stacked-on-mobile\" style=\"grid-template-columns:28% auto\"><figure class=\"wp-block-media-text__media\"><img loading=\"lazy\" decoding=\"async\" width=\"440\" height=\"440\" src=\"https:\/\/www.aimetech.fr\/wp-content\/uploads\/2022\/03\/dind160_lora_1_440x440_1.png\" alt=\"\" class=\"wp-image-72 size-full\" srcset=\"https:\/\/www.aimetech.fr\/wp-content\/uploads\/2022\/03\/dind160_lora_1_440x440_1.png 440w, https:\/\/www.aimetech.fr\/wp-content\/uploads\/2022\/03\/dind160_lora_1_440x440_1-300x300.png 300w, https:\/\/www.aimetech.fr\/wp-content\/uploads\/2022\/03\/dind160_lora_1_440x440_1-150x150.png 150w\" sizes=\"auto, (max-width: 440px) 100vw, 440px\" \/><\/figure><div class=\"wp-block-media-text__content\">\n<p class=\"has-large-font-size\"><mark style=\"background-color:rgba(0, 0, 0, 0)\" class=\"has-inline-color has-vivid-red-color\">ACW\/DIND160<\/mark><\/p>\n\n\n\n<ul class=\"wp-block-list\"><li>16 entr\u00e9es TOR incluant en option 8 comptages impulsionnels<\/li><li>Position GPS en option<\/li><\/ul>\n<\/div><\/div>\n\n\n\n<div style=\"height:100px\" aria-hidden=\"true\" class=\"wp-block-spacer\"><\/div>\n\n\n\n<div class=\"wp-block-media-text alignwide is-stacked-on-mobile\" style=\"grid-template-columns:28% auto\"><figure class=\"wp-block-media-text__media\"><img loading=\"lazy\" decoding=\"async\" width=\"440\" height=\"440\" src=\"https:\/\/www.aimetech.fr\/wp-content\/uploads\/2022\/03\/dind80_lora_1_440x440.png\" alt=\"\" class=\"wp-image-73 size-full\" srcset=\"https:\/\/www.aimetech.fr\/wp-content\/uploads\/2022\/03\/dind80_lora_1_440x440.png 440w, https:\/\/www.aimetech.fr\/wp-content\/uploads\/2022\/03\/dind80_lora_1_440x440-300x300.png 300w, https:\/\/www.aimetech.fr\/wp-content\/uploads\/2022\/03\/dind80_lora_1_440x440-150x150.png 150w\" sizes=\"auto, (max-width: 440px) 100vw, 440px\" \/><\/figure><div class=\"wp-block-media-text__content\">\n<p class=\"has-large-font-size\"><mark style=\"background-color:rgba(0, 0, 0, 0)\" class=\"has-inline-color has-vivid-red-color\">ACW\/DIND80<\/mark><\/p>\n\n\n\n<ul class=\"wp-block-list\"><li>8 entr\u00e9es TOR ou comptages impulsionnels<\/li><li>Position GPS en option<\/li><li>Sonde de temp\u00e9rature num\u00e9rique externe en option<\/li><\/ul>\n<\/div><\/div>\n\n\n\n<div style=\"height:100px\" aria-hidden=\"true\" class=\"wp-block-spacer\"><\/div>\n\n\n\n<div class=\"wp-block-media-text alignwide is-stacked-on-mobile\" style=\"grid-template-columns:28% auto\"><figure class=\"wp-block-media-text__media\"><img loading=\"lazy\" decoding=\"async\" width=\"511\" height=\"528\" src=\"https:\/\/www.aimetech.fr\/wp-content\/uploads\/2022\/03\/atim-acw-ti-g-gmidatabox.png\" alt=\"\" class=\"wp-image-74 size-full\" srcset=\"https:\/\/www.aimetech.fr\/wp-content\/uploads\/2022\/03\/atim-acw-ti-g-gmidatabox.png 511w, https:\/\/www.aimetech.fr\/wp-content\/uploads\/2022\/03\/atim-acw-ti-g-gmidatabox-290x300.png 290w\" sizes=\"auto, (max-width: 511px) 100vw, 511px\" \/><\/figure><div class=\"wp-block-media-text__content\">\n<p class=\"has-large-font-size\"><mark style=\"background-color:rgba(0, 0, 0, 0)\" class=\"has-inline-color has-vivid-red-color\">ACW-TI-G<\/mark><\/p>\n\n\n\n<ul class=\"wp-block-list\"><li>Capteur de Temp\u00e9rature avec GPS<\/li><\/ul>\n<\/div><\/div>\n\n\n\n<div style=\"height:100px\" aria-hidden=\"true\" class=\"wp-block-spacer\"><\/div>\n\n\n\n<div class=\"wp-block-media-text alignwide is-stacked-on-mobile\" style=\"grid-template-columns:28% auto\"><figure class=\"wp-block-media-text__media\"><img loading=\"lazy\" decoding=\"async\" width=\"511\" height=\"528\" src=\"https:\/\/www.aimetech.fr\/wp-content\/uploads\/2022\/04\/atim-acw-ti-g-gmidatabox_1.png\" alt=\"\" class=\"wp-image-276 size-full\" srcset=\"https:\/\/www.aimetech.fr\/wp-content\/uploads\/2022\/04\/atim-acw-ti-g-gmidatabox_1.png 511w, https:\/\/www.aimetech.fr\/wp-content\/uploads\/2022\/04\/atim-acw-ti-g-gmidatabox_1-290x300.png 290w\" sizes=\"auto, (max-width: 511px) 100vw, 511px\" \/><\/figure><div class=\"wp-block-media-text__content\">\n<p class=\"has-large-font-size\"><mark style=\"background-color:rgba(0, 0, 0, 0)\" class=\"has-inline-color has-vivid-red-color\">ACW-TH-x<\/mark><\/p>\n\n\n\n<ul class=\"wp-block-list\"><li>Capteur de Temp\u00e9rature (+\/- 0.3% entre -10\u00b0C et -85\u00b0C)<\/li><li>Capteur de Hygrom\u00e9trie (+\/- 3% RH entre 0 et 80% RH)<\/li><li>Port\u00e9e radio de 15 kms<\/li><li>Boitier \u00e9tanche (Option)<\/li><\/ul>\n<\/div><\/div>\n\n\n\n<div style=\"height:100px\" aria-hidden=\"true\" class=\"wp-block-spacer\"><\/div>\n\n\n\n<div class=\"wp-block-media-text alignwide is-stacked-on-mobile\" style=\"grid-template-columns:28% auto\"><figure class=\"wp-block-media-text__media\"><img loading=\"lazy\" decoding=\"async\" width=\"678\" height=\"594\" src=\"https:\/\/www.aimetech.fr\/wp-content\/uploads\/2022\/03\/atim-acw-lw8_sf8-lvl-gmidatabox.png\" alt=\"\" class=\"wp-image-76 size-full\" srcset=\"https:\/\/www.aimetech.fr\/wp-content\/uploads\/2022\/03\/atim-acw-lw8_sf8-lvl-gmidatabox.png 678w, https:\/\/www.aimetech.fr\/wp-content\/uploads\/2022\/03\/atim-acw-lw8_sf8-lvl-gmidatabox-300x263.png 300w\" sizes=\"auto, (max-width: 678px) 100vw, 678px\" \/><\/figure><div class=\"wp-block-media-text__content\">\n<p class=\"has-large-font-size\"><mark style=\"background-color:rgba(0, 0, 0, 0)\" class=\"has-inline-color has-vivid-red-color\">ACW-LVL<\/mark><\/p>\n\n\n\n<ul class=\"wp-block-list\"><li>Mesure de niveau par ultrasons : 20cm \u00e0 5.5m<\/li><li>Port\u00e9e radio de 15 kms<\/li><li>Configuration par Bluetooth ou USB<\/li><\/ul>\n<\/div><\/div>\n\n\n\n<div style=\"height:100px\" aria-hidden=\"true\" class=\"wp-block-spacer\"><\/div>\n\n\n\n<div class=\"wp-block-media-text alignwide is-stacked-on-mobile\" style=\"grid-template-columns:28% auto\"><figure class=\"wp-block-media-text__media\"><img loading=\"lazy\" decoding=\"async\" width=\"641\" height=\"478\" src=\"https:\/\/www.aimetech.fr\/wp-content\/uploads\/2022\/03\/atim-acw-lw8_sf8-wl-gmidatabox.png\" alt=\"\" class=\"wp-image-119 size-full\" srcset=\"https:\/\/www.aimetech.fr\/wp-content\/uploads\/2022\/03\/atim-acw-lw8_sf8-wl-gmidatabox.png 641w, https:\/\/www.aimetech.fr\/wp-content\/uploads\/2022\/03\/atim-acw-lw8_sf8-wl-gmidatabox-300x224.png 300w\" sizes=\"auto, (max-width: 641px) 100vw, 641px\" \/><\/figure><div class=\"wp-block-media-text__content\">\n<p class=\"has-large-font-size\"><mark style=\"background-color:rgba(0, 0, 0, 0)\" class=\"has-inline-color has-vivid-red-color\">ACW-WL<\/mark><\/p>\n\n\n\n<ul class=\"wp-block-list\"><li>D\u00e9tection de pr\u00e9sence de liquide<\/li><li>Port\u00e9e radio de 15 kms<\/li><\/ul>\n<\/div><\/div>\n\n\n\n<div style=\"height:100px\" aria-hidden=\"true\" class=\"wp-block-spacer\"><\/div>\n\n\n\n<div class=\"wp-block-media-text alignwide is-stacked-on-mobile\" style=\"grid-template-columns:28% auto\"><figure class=\"wp-block-media-text__media\"><img loading=\"lazy\" decoding=\"async\" width=\"600\" height=\"600\" src=\"https:\/\/www.aimetech.fr\/wp-content\/uploads\/2022\/03\/acw_lw8_dinda_profil-1-1.png\" alt=\"\" class=\"wp-image-121 size-full\" srcset=\"https:\/\/www.aimetech.fr\/wp-content\/uploads\/2022\/03\/acw_lw8_dinda_profil-1-1.png 600w, https:\/\/www.aimetech.fr\/wp-content\/uploads\/2022\/03\/acw_lw8_dinda_profil-1-1-300x300.png 300w, https:\/\/www.aimetech.fr\/wp-content\/uploads\/2022\/03\/acw_lw8_dinda_profil-1-1-150x150.png 150w, https:\/\/www.aimetech.fr\/wp-content\/uploads\/2022\/03\/acw_lw8_dinda_profil-1-1-510x510.png 510w\" sizes=\"auto, (max-width: 600px) 100vw, 600px\" \/><\/figure><div class=\"wp-block-media-text__content\">\n<p class=\"has-large-font-size\"><mark style=\"background-color:rgba(0, 0, 0, 0)\" class=\"has-inline-color has-vivid-red-color\">ACW-DINDA<\/mark><\/p>\n\n\n\n<ul class=\"wp-block-list\"><li>Entr\u00e9e analogique 4-20mA ou 0-10V<\/li><li>Produit aliment\u00e9 10-30Vdc<\/li><li>Port\u00e9e radio &gt;10 kms<\/li><\/ul>\n\n\n\n<div style=\"height:100px\" aria-hidden=\"true\" class=\"wp-block-spacer\"><\/div>\n<\/div><\/div>\n\n\n\n<div style=\"height:100px\" aria-hidden=\"true\" class=\"wp-block-spacer\"><\/div>\n\n\n\n<div class=\"wp-block-media-text alignwide is-stacked-on-mobile\" style=\"grid-template-columns:28% auto\"><figure class=\"wp-block-media-text__media\"><img loading=\"lazy\" decoding=\"async\" width=\"274\" height=\"399\" src=\"https:\/\/www.aimetech.fr\/wp-content\/uploads\/2022\/03\/atim-acw-gw-gmidatabox.png\" alt=\"\" class=\"wp-image-120 size-full\" srcset=\"https:\/\/www.aimetech.fr\/wp-content\/uploads\/2022\/03\/atim-acw-gw-gmidatabox.png 274w, https:\/\/www.aimetech.fr\/wp-content\/uploads\/2022\/03\/atim-acw-gw-gmidatabox-206x300.png 206w\" sizes=\"auto, (max-width: 274px) 100vw, 274px\" \/><\/figure><div class=\"wp-block-media-text__content\">\n<p class=\"has-large-font-size\"><mark style=\"background-color:rgba(0, 0, 0, 0)\" class=\"has-inline-color has-vivid-red-color\">ACW-GW<\/mark><\/p>\n\n\n\n<ul class=\"wp-block-list\"><li>Produit aliment\u00e9 10-30 Vdc<\/li><li>Transmission sur le r\u00e9seau des messages de produits r\u00e9p\u00e9t\u00e9s<\/li><li>Disponible en coffret \u00e9tanche IP65 avec alimentation 220V et antenne<\/li><\/ul>\n<\/div><\/div>\n\n\n\n<div style=\"height:100px\" aria-hidden=\"true\" class=\"wp-block-spacer\"><\/div>\n\n\n\n<div class=\"wp-block-media-text alignwide is-stacked-on-mobile\" style=\"grid-template-columns:28% auto\"><figure class=\"wp-block-media-text__media\"><img loading=\"lazy\" decoding=\"async\" width=\"600\" height=\"600\" src=\"http:\/\/www.aimetech.fr\/wp-content\/uploads\/2022\/03\/acw_lw8_dinrsm_1.png\" alt=\"\" class=\"wp-image-124 size-full\" srcset=\"https:\/\/www.aimetech.fr\/wp-content\/uploads\/2022\/03\/acw_lw8_dinrsm_1.png 600w, https:\/\/www.aimetech.fr\/wp-content\/uploads\/2022\/03\/acw_lw8_dinrsm_1-300x300.png 300w, https:\/\/www.aimetech.fr\/wp-content\/uploads\/2022\/03\/acw_lw8_dinrsm_1-150x150.png 150w, https:\/\/www.aimetech.fr\/wp-content\/uploads\/2022\/03\/acw_lw8_dinrsm_1-510x510.png 510w\" sizes=\"auto, (max-width: 600px) 100vw, 600px\" \/><\/figure><div class=\"wp-block-media-text__content\">\n<p class=\"has-large-font-size\"><mark style=\"background-color:rgba(0, 0, 0, 0)\" class=\"has-inline-color has-vivid-red-color\">ACW-DINRS\/RS+<\/mark><\/p>\n\n\n\n<p>L\u2019ACW-DINRS est un modem radio de liaison s\u00e9rie RS232\/RS485 : Bridge &amp; Gateway Modbus.<\/p>\n<\/div><\/div>\n\n\n\n<div style=\"height:100px\" aria-hidden=\"true\" class=\"wp-block-spacer\"><\/div>\n\n\n\n<div class=\"wp-block-media-text alignwide is-stacked-on-mobile\" style=\"grid-template-columns:28% auto\"><figure class=\"wp-block-media-text__media\"><img loading=\"lazy\" decoding=\"async\" width=\"600\" height=\"600\" src=\"http:\/\/www.aimetech.fr\/wp-content\/uploads\/2022\/03\/acw_lw8_dinrsm.png\" alt=\"\" class=\"wp-image-125 size-full\" srcset=\"https:\/\/www.aimetech.fr\/wp-content\/uploads\/2022\/03\/acw_lw8_dinrsm.png 600w, https:\/\/www.aimetech.fr\/wp-content\/uploads\/2022\/03\/acw_lw8_dinrsm-300x300.png 300w, https:\/\/www.aimetech.fr\/wp-content\/uploads\/2022\/03\/acw_lw8_dinrsm-150x150.png 150w, https:\/\/www.aimetech.fr\/wp-content\/uploads\/2022\/03\/acw_lw8_dinrsm-510x510.png 510w\" sizes=\"auto, (max-width: 600px) 100vw, 600px\" \/><\/figure><div class=\"wp-block-media-text__content\">\n<p class=\"has-large-font-size\"><mark style=\"background-color:rgba(0, 0, 0, 0)\" class=\"has-inline-color has-vivid-red-color\">ACW-DINRSM<\/mark><\/p>\n\n\n\n<ul class=\"wp-block-list\"><li>Consulter les donn\u00e9es li\u00e9es \u00e0 votre compteur (Tension, Courant, Puissance active et r\u00e9active)<\/li><li>Jusqu&#8217;\u00e0 49 requ\u00eates Modbus param\u00e9trables<\/li><li>Produit aliment\u00e9 10-30Vdc<\/li><li>Configuration par USB ou downlink<\/li><\/ul>\n<\/div><\/div>\n","protected":false},"excerpt":{"rendered":"<p>ACW\/DIND44 4 Entr\u00e9es TOR ou comptages impulsionnels 4 sorties relais pour le pilotage de dispositifs \u00e9lectriques ACW\/DIND88 8 entr\u00e9es TOR ou comptage impulsionnels 8 sorties relai pour le pilotage de dispositifs \u00e9lectriques ACW\/DIND21 2 entr\u00e9es TOR ou comptage impulsionnels 1 sorties relai pour le pilotage de dispositifs \u00e9lectriques Option temp\u00e9rature ACW\/DIND160 16 entr\u00e9es TOR incluant [&hellip;]<\/p>\n","protected":false},"author":1,"featured_media":0,"parent":0,"menu_order":0,"comment_status":"closed","ping_status":"closed","template":"","meta":{"footnotes":""},"class_list":["post-30","page","type-page","status-publish","czr-hentry"],"_links":{"self":[{"href":"https:\/\/www.aimetech.fr\/index.php\/wp-json\/wp\/v2\/pages\/30","targetHints":{"allow":["GET"]}}],"collection":[{"href":"https:\/\/www.aimetech.fr\/index.php\/wp-json\/wp\/v2\/pages"}],"about":[{"href":"https:\/\/www.aimetech.fr\/index.php\/wp-json\/wp\/v2\/types\/page"}],"author":[{"embeddable":true,"href":"https:\/\/www.aimetech.fr\/index.php\/wp-json\/wp\/v2\/users\/1"}],"replies":[{"embeddable":true,"href":"https:\/\/www.aimetech.fr\/index.php\/wp-json\/wp\/v2\/comments?post=30"}],"version-history":[{"count":9,"href":"https:\/\/www.aimetech.fr\/index.php\/wp-json\/wp\/v2\/pages\/30\/revisions"}],"predecessor-version":[{"id":284,"href":"https:\/\/www.aimetech.fr\/index.php\/wp-json\/wp\/v2\/pages\/30\/revisions\/284"}],"wp:attachment":[{"href":"https:\/\/www.aimetech.fr\/index.php\/wp-json\/wp\/v2\/media?parent=30"}],"curies":[{"name":"wp","href":"https:\/\/api.w.org\/{rel}","templated":true}]}}